{"id":265,"date":"2023-11-14T18:12:37","date_gmt":"2023-11-14T17:12:37","guid":{"rendered":"http:\/\/oliviardesign.com\/?page_id=265"},"modified":"2023-11-14T18:15:02","modified_gmt":"2023-11-14T17:15:02","slug":"conditions-generales-de-vente","status":"publish","type":"page","link":"https:\/\/oliviardesign.com\/index.php\/conditions-generales-de-vente\/","title":{"rendered":"Conditions g\u00e9n\u00e9rales de vente"},"content":{"rendered":"\n<p><strong>Pr\u00e9ambule<\/strong><\/p>\n\n\n\n<p>Les conditions g\u00e9n\u00e9rales de vente sont \u00e0 lire attentivement. Elles constituent les \u00e9l\u00e9ments du contrat de prestation des services propos\u00e9s par Olivia R design. La commande ne sera prise en compte que lorsque vous aurez accept\u00e9 ces conditions g\u00e9n\u00e9rales de vente. Tout Client de Olivia R design reconna\u00eet avoir pris connaissance de ce document avant d\u2019avoir sign\u00e9 un devis avec la mention \u00ab bon pour accord \u00bb, et avoir la capacit\u00e9 de contracter avec Olivia R design. Toute signature d\u2019un devis vaut acceptation expresse et sans r\u00e9serve des pr\u00e9sentes conditions.<\/p>\n\n\n\n<p>Les pr\u00e9sentes conditions g\u00e9n\u00e9rales de vente pr\u00e9sentent les droits et obligations de Olivia Bozzo, architecte d\u2019int\u00e9rieur \/ home designer, sp\u00e9cialis\u00e9e dans la d\u00e9coration, le design d\u2019espace et l\u2019am\u00e9nagement int\u00e9rieur, SIRET 51243122200029, ci-apr\u00e8s d\u00e9sign\u00e9e par \u00ab\u00a0Olivia R design\u00a0\u00bb d\u2019une part, et toute personne physique ou morale souhaitant b\u00e9n\u00e9ficier des services de Olivia Bozzo \/ Olivia R design, ci-apr\u00e8s d\u00e9sign\u00e9e par le terme \u00ab\u00a0Client\u00a0\u00bb d\u2019autre part.<\/p>\n\n\n\n<p><strong>ARTICLE 1 : OBJET ET CHAMP D&rsquo;APPLICATION<\/strong><\/p>\n\n\n\n<p>Les conditions g\u00e9n\u00e9rales de vente (ci apr\u00e8s d\u00e9nomm\u00e9es les \u00abCGV\u00bb) r\u00e9gissent et s&rsquo;appliquent sans restriction ni r\u00e9serve \u00e0 l&rsquo;ensemble des relations entre l&rsquo;architecte d&rsquo;int\u00e9rieur \/ home designer et toute personne qui sollicite Olivia R design. Dans le cadre des pr\u00e9sentes CGV, le terme \u201cservice\u201d fait r\u00e9f\u00e9rence au(x) service(s) propos\u00e9(s) par la Olivia R design. En cons\u00e9quence, toute personne sollicitant les services propos\u00e9s par Olivia R design emporte acceptation pleine et enti\u00e8re des pr\u00e9sentes conditions g\u00e9n\u00e9rales de vente dont le Client reconna\u00eet avoir pris connaissance pr\u00e9alablement \u00e0 la signature du devis. Le Client pr\u00e9alablement \u00e0 la signature du devis, d\u00e9clare avoir la pleine capacit\u00e9 juridique, lui permettant de s&rsquo;engager au titre des pr\u00e9sentes conditions g\u00e9n\u00e9rales de vente. Olivia R design se r\u00e9serve le droit de modifier \u00e0 tout moment les pr\u00e9sentes conditions g\u00e9n\u00e9rales de vente.<\/p>\n\n\n\n<p><strong>ARTICLE 2 : DEVIS ET ACCEPTATION<\/strong><\/p>\n\n\n\n<p>Pour toute intervention un devis \u00e9crit sera \u00e9tabli. Ce devis pr\u00e9cisera les coordonn\u00e9es du Client et le d\u00e9tail des prestations. La r\u00e9alisation du devis est gratuite. Le devis aura une p\u00e9riode de validit\u00e9 d\u2019un mois, qui sera indiqu\u00e9e sur ce dernier, durant laquelle le Client pourra choisir de contracter ou non. Suite \u00e0 sa r\u00e9alisation, le Client devra, s\u2019il accepte la r\u00e9alisation de la prestation au prix indiqu\u00e9, signer le devis. Toute signature du devis vaut acceptation des pr\u00e9sentes CGV, \u00e0 la suite de quoi la commande sera fermement prise en compte, ce qui engagera d\u00e9finitivement les deux parties. Le Client sera engag\u00e9 \u00e0 verser le montant indiqu\u00e9 sur le devis, en contrepartie, Olivia R design, s\u2019engage \u00e0 r\u00e9aliser l\u2019ensemble des prestations indiqu\u00e9es sur le devis.<\/p>\n\n\n\n<p><strong>ARTICLE 3 : SERVICES<\/strong><\/p>\n\n\n\n<p>L&rsquo;ensemble des services propos\u00e9s par l&rsquo;architecte d&rsquo;int\u00e9rieur sont pr\u00e9alablement d\u00e9finis par t\u00e9l\u00e9phone avant une prise de rendez-vous.<\/p>\n\n\n\n<p><strong>3.1 Prestations de conseil<\/strong><\/p>\n\n\n\n<p>Les prestations de Olivia R design sont par nature des prestations de conseil et d&rsquo;assistance. Ces prestations peuvent comprendre, selon le besoin du Client : la r\u00e9alisation de plans 2D, plans 3D, perspectives, la proposition d&rsquo;am\u00e9nagements, de concepts, de mat\u00e9riaux, de couleurs, de mobiliers, des choix de prestataires, la pr\u00e9paration de dossiers de permis de construire et d\u00e9claration pr\u00e9alable de travaux (dans la limite des comp\u00e9tences d&rsquo;un architecte d&rsquo;int\u00e9rieur). Les r\u00e9ponses apport\u00e9es ont seulement pour objet de renseigner sur les diff\u00e9rentes possibilit\u00e9s de changement (espace, couleur, mat\u00e9riaux, lumi\u00e8re). Elles n\u2019ont en aucun cas valeur de consultation au bureau d\u2019\u00e9tude.<\/p>\n\n\n\n<p>Une fois la prestation de conseil termin\u00e9e ou tout autre \u00e9l\u00e9ment convenu dans le cadre du devis remis au Client, celui-ci ne pourra pas opposer \u00e0 l&rsquo;architecte d&rsquo;int\u00e9rieur des arguments subjectifs (de go\u00fbt, par exemple) pour justifier le recommencement complet du travail remis ou le refus du paiement des prestations pour lesquelles il s&rsquo;est engag\u00e9. Toutefois, de mani\u00e8re exceptionnelle et \u00e0 l&rsquo;appr\u00e9ciation de l&rsquo;architecte d&rsquo;int\u00e9rieur, des ajustements pourront \u00eatre apport\u00e9s \u00e0 ces documents, \u00e0 la demande du Client.<\/p>\n\n\n\n<p><strong>3.2 Assistance \u00e0 la coordination des travaux<\/strong><\/p>\n\n\n\n<p>S&rsquo;agissant de l&rsquo;assistance \u00e0 la coordination des travaux, les prestations de Olivia R design consistent \u00e0 mettre en relation son Client avec des prestataires qualifi\u00e9s du secteur de la d\u00e9coration et du b\u00e2timent. Le Client contracte directement et librement avec chaque prestataire apr\u00e8s s&rsquo;\u00eatre assur\u00e9 de la conformit\u00e9 des produits et services du prestataire par rapport \u00e0 ses attentes.<\/p>\n\n\n\n<p><strong>ARTICLE 4 : RESPONSABILITES<\/strong><\/p>\n\n\n\n<p>Olivia R design s&rsquo;engage \u00e0 tout mettre en \u0153uvre pour apporter satisfaction \u00e0 son Client, conform\u00e9ment au devis \u00e9tabli, en lui faisant part r\u00e9guli\u00e8rement de l&rsquo;avanc\u00e9e de ses r\u00e9alisations.<\/p>\n\n\n\n<p><strong>4.1 Assistance \u00e0 la coordination des travaux<\/strong><\/p>\n\n\n\n<p>Lorsque Olivia R design intervient sur la coordination des travaux, tout manquement contractuel, retard, malfa\u00e7on ou vice cach\u00e9, imputable \u00e0 un tiers ne saurait en aucun cas lui \u00eatre reproch\u00e9 et engager sa responsabilit\u00e9. Olivia R design n&rsquo;est ni ma\u00eetre d&rsquo;ouvrage ni ma\u00eetre d&rsquo;\u0153uvre dans la r\u00e9alisation des travaux, et \u00e0 ce titre n&rsquo;engage pas sa responsabilit\u00e9 contractuelle. En aucun cas, Olivia R design n\u2019agit comme architecte. Toutes les garanties l\u00e9gales ou contractuelles offertes au Client dans le cadre de la r\u00e9alisation de travaux, le sont directement par les prestataires concern\u00e9s (garantie d\u00e9cennale, garantie de conformit\u00e9, vice cach\u00e9, etc&#8230;). En cas de litige, le Client ne pourra se retourner que vers le prestataire incrimin\u00e9. Olivia R design recommande \u00e0 ses Clients de souscrire sur les travaux \u00e9ligibles \u00e0 une assurance dommage ouvrage (DO) avant le d\u00e9marrage d&rsquo;un chantier, conform\u00e9ment \u00e0 la loi du 4 janvier 1978. En cons\u00e9quence de ce qui pr\u00e9c\u00e8de, la responsabilit\u00e9 de Olivia R design ne saurait \u00eatre engag\u00e9e en cas d&rsquo;inex\u00e9cution totale ou partielle du contrat conclu par le Client avec le prestataire ext\u00e9rieur.<\/p>\n\n\n\n<p><strong>4.2 Prestataire ext\u00e9rieur<\/strong><\/p>\n\n\n\n<p>Lorsqu\u2019il y a une mise en relation d\u2019un Client avec un prestataire ext\u00e9rieur, le Client conserve le libre choix de l\u2019entreprise \u00e0 qui il souhaite confier ses travaux et Olivia R design n\u2019interf\u00e8re d\u2019aucune mani\u00e8re que ce soit dans la relation contractuelle, \u00e9tant pr\u00e9cis\u00e9 que l\u2019entreprise tierce n\u2019agit pas comme sous-traitant de Olivia R design. Ainsi, le devis concernant les travaux sera directement \u00e9mis par l\u2019entreprise tierce et aucun paiement ne transitera par Olivia R design.<\/p>\n\n\n\n<p>Olivia R design s\u2019engage \u00e0 une surveillance de l\u2019\u00e9volution du chantier et de l\u2019ex\u00e9cution des interventions des entrepreneurs. En cas de d\u00e9gradation et\/ou vol des \u00e9l\u00e9ments architecturaux et\/ou du mobilier, Olivia R design ne se porte en aucun cas responsable, sous la clause de s\u00e9curit\u00e9 et de responsabilit\u00e9 pr\u00e9alablement mise en place avec les entrepreneurs.<\/p>\n\n\n\n<p>Lorsque Olivia R design fournit des plans au Client, ces plans n\u2019ont pas vocation \u00e0 \u00eatre directement destin\u00e9s \u00e0 la r\u00e9alisation ou \u00e0 l\u2019ex\u00e9cution des travaux. Ils sont donc transmis \u00e0 titre indicatif. Le Client doit s\u2019assurer que le prestataire ext\u00e9rieur reprendra le plan et validera les c\u00f4tes d\u00e9finitives avant l\u2019ex\u00e9cution des travaux. Chaque artisan et prestataire doit imp\u00e9rativement reprendre les cotes n\u00e9cessaires \u00e0 la bonne r\u00e9alisation de son ouvrage conform\u00e9ment au DTU de sa profession. L\u2019ensemble des pi\u00e8ces \u00e9crites et graphiques transmises par Olivia R design ne pourront se substituer en aucun cas aux plans d\u2019ex\u00e9cution techniques (les implantations r\u00e9seaux divers, plomberie, \u00e9lectricit\u00e9, fluides divers, etc) ou tout autre forme de conception n\u00e9cessaire \u00e0 la r\u00e9alisation des travaux pr\u00e9alables aux travaux de d\u00e9coration int\u00e9rieure.<\/p>\n\n\n\n<p>En cons\u00e9quence de ce qui pr\u00e9c\u00e8de, la responsabilit\u00e9 de Olivia R design ne saurait \u00eatre engag\u00e9e dans l\u2019hypoth\u00e8se o\u00f9 le prestataire ext\u00e9rieur se serait appuy\u00e9 exclusivement sur les plans \u00e9tablis par Olivia R design sans avoir pris la pr\u00e9caution de reprendre les cotes et d\u2019effectuer ses propres plans et pr\u00e9conisations techniques.<\/p>\n\n\n\n<p>Olivia R design n&rsquo;encourt aucune responsabilit\u00e9 :<\/p>\n\n\n\n<ul><li>quant \u00e0 la r\u00e9alisation et la mise en \u0153uvre par le Client, des pr\u00e9conisations de d\u00e9coration et d&rsquo;am\u00e9nagement fournies par l&rsquo;architecte d&rsquo;int\u00e9rieur<\/li><li>pour tous les dommages de quelque nature que ce soit, qui pourraient r\u00e9sulter de l&rsquo;ex\u00e9cution des propositions de d\u00e9coration et d&rsquo;am\u00e9nagement pr\u00e9conis\u00e9es par Olivia R design et r\u00e9alis\u00e9es directement ou indirectement par le Client<\/li><\/ul>\n\n\n\n<p><strong>ARTICLE 5 : ILLUSTRATIONS<\/strong><\/p>\n\n\n\n<p>Par ailleurs, Olivia R design ne garantit en aucun cas que les couleurs \u00e0 l\u2019\u00e9cran ou imprim\u00e9es correspondent exactement aux produits en vente. Ainsi, le Client est tenu d\u2019effectuer les v\u00e9rifications n\u00e9cessaires concernant la teinte en se d\u00e9pla\u00e7ant physiquement en magasin et\/ou en achetant des \u00e9chantillons A4. En cons\u00e9quence de ce qui pr\u00e9c\u00e8de, la responsabilit\u00e9 de Olivia R design ne saurait \u00eatre engag\u00e9e dans l\u2019hypoth\u00e8se o\u00f9 la teinte retenue ne correspondrait pas exactement au r\u00e9sultat apr\u00e8s impression ou visualisation \u00e9cran.<\/p>\n\n\n\n<p><strong>ARTICLE 6 : CAS DE FORCE MAJEUR<\/strong><\/p>\n\n\n\n<p>Les d\u00e9lais d&rsquo;ex\u00e9cution de la prestation convenus seront respect\u00e9s sauf cas de force majeure. Sont consid\u00e9r\u00e9s comme cas de force majeure ou cas fortuits, les \u00e9v\u00e9nements ind\u00e9pendants de la volont\u00e9 des parties, qu&rsquo;elles ne pouvaient raisonnablement \u00eatre tenues de pr\u00e9voir, et qu&rsquo;elles ne pouvaient raisonnablement \u00e9viter ou surmonter, dans la mesure o\u00f9 leur survenance rend totalement impossible l&rsquo;ex\u00e9cution des obligations. Sont notamment assimil\u00e9s \u00e0 des cas de force majeure ou fortuits d\u00e9chargeant l&rsquo;architecte d&rsquo;int\u00e9rieur de son obligation de r\u00e9aliser la prestation convenue dans les d\u00e9lais initialement pr\u00e9vus : les gr\u00e8ves de la totalit\u00e9 ou d&rsquo;une partie de ses partenaires habituels, la maladie, l&rsquo;incendie, l&rsquo;inondation, la guerre, les arr\u00eats de production dus \u00e0 des pannes fortuites, les \u00e9pid\u00e9mies, les barri\u00e8res de d\u00e9gel, les barrages routiers, gr\u00e8ve, arr\u00eat des r\u00e9seaux de t\u00e9l\u00e9communication ou rupture d&rsquo;approvisionnement EDF-GDF. Dans de telles circonstances, l\u2019architecte d\u2019int\u00e9rieur pr\u00e9viendra le Client par \u00e9crit, notamment par courrier \u00e9lectronique, dans les 24 heures de la date de survenance des \u00e9v\u00e9nements, le contrat liant l&rsquo;architecte d&rsquo;int\u00e9rieur et le Client \u00e9tant alors suspendu de plein droit sans indemnit\u00e9, \u00e0 compter de la date de survenance de l\u2019\u00e9v\u00e9nement. Si l\u2019\u00e9v\u00e9nement venait \u00e0 durer plus de trente (30) jours \u00e0 compter de la date de survenance de celui-ci, le contrat liant le designer et son Client pourra \u00eatre r\u00e9sili\u00e9 par la partie la plus diligente, sans qu&rsquo;aucune des parties puisse pr\u00e9tendre \u00e0 l\u2019octroi de dommages et int\u00e9r\u00eats. Cette r\u00e9siliation prendra effet \u00e0 la date de premi\u00e8re pr\u00e9sentation de la lettre recommand\u00e9e avec accus\u00e9 de r\u00e9ception d\u00e9non\u00e7ant ledit contrat.<\/p>\n\n\n\n<p><strong>ARTICLE 7 : HONORAIRES<\/strong><\/p>\n\n\n\n<p>Les prix pratiqu\u00e9s par Olivia R design, propos\u00e9s sur les devis sont indiqu\u00e9s en euros HT, car la TVA est non applicable, art.293B du CGI. Les devis ont une dur\u00e9e de validit\u00e9 d\u2019un mois \u00e0 compter de leur \u00e9dition par le Client. Un \u00e9ch\u00e9ancier de paiement peut \u00eatre d\u00e9termin\u00e9 sur le devis. Le Client est tenu de respecter son engagement d\u00e8s pr\u00e9sentation de chaque facture. Le devis ne sera consid\u00e9r\u00e9 comme d\u00e9finitif et valid\u00e9 qu&rsquo;\u00e0 partir du moment o\u00f9 celui-ci aura \u00e9t\u00e9 sign\u00e9, dat\u00e9, et retourn\u00e9, accompagn\u00e9 des pr\u00e9sentes conditions g\u00e9n\u00e9rales de ventes sign\u00e9es \u00e0 Olivia R design.<\/p>\n\n\n\n<p><strong>ARTICLE 8 : MODES DE PAIEMENTS ET DEFAUT DE PAIEMENT<\/strong><\/p>\n\n\n\n<p>Le Client garantit \u00e0 Olivia R design qu&rsquo;il dispose des autorisations \u00e9ventuellement n\u00e9cessaires pour utiliser le mode de paiement qu&rsquo;il aura choisi, lors de la signature du devis. Le Client peut alors r\u00e9gler sa commande par :<\/p>\n\n\n\n<p>1. ch\u00e8que suite \u00e0 la signature d&rsquo;un devis. Seuls les ch\u00e8ques libell\u00e9s en euros \u00e0 l&rsquo;ordre de Olivia Bozzo seront accept\u00e9s. Olivia R design pourra \u00eatre amen\u00e9 \u00e0 demander une photocopie de la pi\u00e8ce d&rsquo;identit\u00e9 de l&rsquo;acheteur, ou \u00e0 refuser un paiement si le nom apparaissant sur le ch\u00e8que re\u00e7u est diff\u00e9rent de celui du Client.<\/p>\n\n\n\n<p>2. virement bancaire suite \u00e0 la signature du devis. Les coordonn\u00e9es bancaires de Olivia R design seront communiqu\u00e9es au Client une fois son devis valid\u00e9. Le traitement du projet se fera une fois que la banque aura port\u00e9 le r\u00e8glement au cr\u00e9dit du compte de Olivia R design.<\/p>\n\n\n\n<p>Le d\u00e9faut de paiement entra\u00eene la d\u00e9ch\u00e9ance du terme pour toutes les sommes restant dues et leur exigibilit\u00e9 imm\u00e9diate. En cas de d\u00e9faut de paiement, le Client sera mis en contentieux et tous les frais de r\u00e9cup\u00e9ration des sommes dues seront \u00e0 sa charge. Il sera per\u00e7u \u00e9galement, pour frais de recouvrement, une indemnit\u00e9 forfaitaire de 40 Euros. Toute tentative d&rsquo;utilisation frauduleuse d&rsquo;un moyen de paiement fera l&rsquo;objet de poursuites judiciaires.<\/p>\n\n\n\n<p><strong>ARTICLE 9 : DROIT DE RETRACTATION<\/strong><\/p>\n\n\n\n<p>A compter de la date de la commande (signature du devis), et conform\u00e9ment \u00e0 la l\u00e9gislation en vigueur, le Client dispose d&rsquo;un d\u00e9lai de quatorze jours pour faire valoir son droit de r\u00e9tractation aupr\u00e8s de Olivia R design. Pour ce faire, le Client doit faire parvenir dans ce d\u00e9lai (cachet de la poste faisant foi) une lettre recommand\u00e9e avec accus\u00e9 de r\u00e9ception, indiquant son intention de se r\u00e9tracter, \u00e0 l\u2019adresse suivante : Olivia R design \/ Olivia Bozzo \u2013 1 all\u00e9e du B\u00e9arn, 13015 Marseille. Le remboursement du montant vers\u00e9 \u00e0 la commande sera effectu\u00e9 au plus tard dans les quatorze jours suivant la r\u00e9ception de la lettre. Cette pr\u00e9sente disposition ne s\u2019applique qu\u2019aux consommateurs, personnes physiques agissant \u00e0 des fins n\u2019entrant pas dans le cadre de son activit\u00e9 commerciale, industrielle, artisanale ou lib\u00e9rale. Les frais d\u2019envoi et de retour restent \u00e0 la charge exclusive du Client. Conform\u00e9ment \u00e0 l\u2019article L 121-21-5 du code de la consommation, le client peut, sur demande expresse sur papier ou sur support durable, demander l\u2019ex\u00e9cution de la prestation avant la fin du d\u00e9lai de r\u00e9tractation pour les contrats conclus hors \u00e9tablissement. Nonobstant, il conserve le droit d\u2019exercer son droit de r\u00e9tractation avant la fin dudit d\u00e9lai. Dans cette hypoth\u00e8se, le client devra verser le prix convenu au prorata du service fourni jusqu\u2019\u00e0 la notification de sa r\u00e9tractation. Il est rappel\u00e9 que le pr\u00e9sent droit de r\u00e9tractation ne peut \u00eatre exerc\u00e9 pour les contrats vises aux dispositions de l\u2019article L 121-21-8 du code de la consommation.<\/p>\n\n\n\n<p><strong>ARTICLE 10 : PROPRIETE INTELLECTUELLE<\/strong><\/p>\n\n\n\n<p>Olivia R design conserve la propri\u00e9t\u00e9 pleine et enti\u00e8re du concept cr\u00e9atif et de l&rsquo;image du projet r\u00e9alis\u00e9. De ce fait, le Client devra l&rsquo;informer de toute publication, tournage, reportage, utilisation de l&rsquo;image des travaux&#8230; Le Client autorise Olivia R design, via l\u2019acceptation de ces CGV, \u00e0 prendre des photos de son int\u00e9rieur avant et apr\u00e8s la r\u00e9alisation de la prestation de Olivia R design \u00e0 des fins promotionnelles. Olivia R design pourra reproduire et modifier ces photos en fonction des besoins et les exploiter sur tous les supports possibles (magazine, TV, web, mobile, etc.) existants et \u00e0 venir. Olivia R design s\u2018engage \u00e0 respecter l\u2019anonymat du Client. Les photos, images et repr\u00e9sentations graphiques figurant sur le site web ou sur les documents commerciaux sont simplement illustratives des services propos\u00e9s par Olivia R design et non contractuelles.<\/p>\n\n\n\n<p><strong>ARTICLE 11 : PROTECTION DES DONN\u00c9ES<\/strong><\/p>\n\n\n\n<p>Les informations demand\u00e9es par Olivia R design lors de la r\u00e9alisation de chaque projet peuvent \u00eatre \u00e0 tout moment modifi\u00e9es ou supprim\u00e9es, conform\u00e9ment \u00e0 la loi \u00abInformatique et Libert\u00e9s\u00bb n\u00b0 78-17 du 6 janvier 1978, qui donne un droit d&rsquo;acc\u00e8s au Client, de rectification, d&rsquo;opposition et de suppression des donn\u00e9es le concernant.<\/p>\n\n\n\n<p><strong>ARTICLE 12 : ASSURANCE<\/strong><\/p>\n\n\n\n<p>Olivia R design a souscrit aupr\u00e8s de la MAAF, une assurance responsabilit\u00e9 civile et professionnelle qui couvre notamment les cons\u00e9quences p\u00e9cuniaires pouvant incomber \u00e0 l&rsquo;assur\u00e9 en raison des dommages corporels, mat\u00e9riels et immat\u00e9riels caus\u00e9s \u00e0 des Clients, \u00e0 des prestataires de service ou \u00e0 des tiers par suite de fautes, erreurs de fait ou de droit, omissions ou n\u00e9gligences commises \u00e0 l&rsquo;occasion de son activit\u00e9 de prestataire de services. Cette police d\u2019assurance peut \u00eatre fournie sur simple demande. Le Client devra lui-m\u00eame s\u2019assurer que les prestataires qu\u2019il aura choisis pour l\u2019ex\u00e9cution des travaux sont assur\u00e9s dans le cadre de leur activit\u00e9 professionnelle.<\/p>\n","protected":false},"excerpt":{"rendered":"<p>Pr\u00e9ambule Les conditions g\u00e9n\u00e9rales de vente sont \u00e0 lire attentivement. Elles constituent les \u00e9l\u00e9ments du contrat de prestation des services propos\u00e9s par Olivia R design. La commande ne sera prise en compte que lorsque vous aurez accept\u00e9 ces conditions g\u00e9n\u00e9rales de vente. Tout Client de Olivia R design reconna\u00eet avoir pris connaissance de ce document &hellip; <\/p>\n<p class=\"link-more\"><a href=\"https:\/\/oliviardesign.com\/index.php\/conditions-generales-de-vente\/\" class=\"more-link\">Continuer la lecture<span class=\"screen-reader-text\"> de &laquo;&nbsp;Conditions g\u00e9n\u00e9rales de vente&nbsp;&raquo;<\/span><\/a><\/p>\n","protected":false},"author":1,"featured_media":0,"parent":0,"menu_order":0,"comment_status":"closed","ping_status":"closed","template":"","meta":[],"_links":{"self":[{"href":"https:\/\/oliviardesign.com\/index.php\/wp-json\/wp\/v2\/pages\/265"}],"collection":[{"href":"https:\/\/oliviardesign.com\/index.php\/wp-json\/wp\/v2\/pages"}],"about":[{"href":"https:\/\/oliviardesign.com\/index.php\/wp-json\/wp\/v2\/types\/page"}],"author":[{"embeddable":true,"href":"https:\/\/oliviardesign.com\/index.php\/wp-json\/wp\/v2\/users\/1"}],"replies":[{"embeddable":true,"href":"https:\/\/oliviardesign.com\/index.php\/wp-json\/wp\/v2\/comments?post=265"}],"version-history":[{"count":3,"href":"https:\/\/oliviardesign.com\/index.php\/wp-json\/wp\/v2\/pages\/265\/revisions"}],"predecessor-version":[{"id":269,"href":"https:\/\/oliviardesign.com\/index.php\/wp-json\/wp\/v2\/pages\/265\/revisions\/269"}],"wp:attachment":[{"href":"https:\/\/oliviardesign.com\/index.php\/wp-json\/wp\/v2\/media?parent=265"}],"curies":[{"name":"wp","href":"https:\/\/api.w.org\/{rel}","templated":true}]}}