{"id":154,"date":"2017-06-20T23:01:49","date_gmt":"2017-06-20T21:01:49","guid":{"rendered":"http:\/\/oliviardesign.com\/?page_id=154"},"modified":"2017-06-20T23:35:32","modified_gmt":"2017-06-20T21:35:32","slug":"home-staging","status":"publish","type":"page","link":"https:\/\/oliviardesign.com\/index.php\/prestations\/home-staging\/","title":{"rendered":"HOME STAGING"},"content":{"rendered":"<p><span style=\"color: #000000;\">Le principe du home staging est de mettre en valeur les volumes, les atouts, la luminosit\u00e9, et rendre le bien assez neutre pour plaire au plus grand nombre et permettre aux visiteurs de se projeter sans difficult\u00e9. Il faut pour cela d\u00e9personnaliser, harmoniser, proc\u00e9der aux petites r\u00e9parations qui pourraient rebuter les \u00e9ventuels acqu\u00e9reurs ou locataires, et mettre en sc\u00e8ne un cadre agr\u00e9able et actuel. Il s\u2019agit aussi de faire le moins de frais possibles et de r\u00e9utiliser au maximum le mobilier et les objets d\u00e9j\u00e0 pr\u00e9sents dans le logement, le but \u00e9tant de vendre (ou louer) plus vite ou plus cher.<\/span><br \/>\n<span style=\"color: #000000;\"> Le premier rendez-vous me permettra de faire un \u00e9tat des lieux du bien immobilier, d\u2019identifier les points forts et points faibles, et de discuter avec vous du budget qui peut \u00eatre consacr\u00e9 au projet, en fonction de son retour sur investissement. Lors du second rendez-vous je vous pr\u00e9senterai le projet complet, avec les simulations 3D.<\/span><\/p>\n","protected":false},"excerpt":{"rendered":"<p>Le principe du home staging est de mettre en valeur les volumes, les atouts, la luminosit\u00e9, et rendre le bien assez neutre pour plaire au plus grand nombre et permettre aux visiteurs de se projeter sans difficult\u00e9. Il faut pour cela d\u00e9personnaliser, harmoniser, proc\u00e9der aux petites r\u00e9parations qui pourraient rebuter les \u00e9ventuels acqu\u00e9reurs ou locataires, &hellip; <\/p>\n<p class=\"link-more\"><a href=\"https:\/\/oliviardesign.com\/index.php\/prestations\/home-staging\/\" class=\"more-link\">Continuer la lecture<span class=\"screen-reader-text\"> de &laquo;&nbsp;HOME STAGING&nbsp;&raquo;<\/span><\/a><\/p>\n","protected":false},"author":1,"featured_media":0,"parent":88,"menu_order":0,"comment_status":"closed","ping_status":"closed","template":"","meta":[],"_links":{"self":[{"href":"https:\/\/oliviardesign.com\/index.php\/wp-json\/wp\/v2\/pages\/154"}],"collection":[{"href":"https:\/\/oliviardesign.com\/index.php\/wp-json\/wp\/v2\/pages"}],"about":[{"href":"https:\/\/oliviardesign.com\/index.php\/wp-json\/wp\/v2\/types\/page"}],"author":[{"embeddable":true,"href":"https:\/\/oliviardesign.com\/index.php\/wp-json\/wp\/v2\/users\/1"}],"replies":[{"embeddable":true,"href":"https:\/\/oliviardesign.com\/index.php\/wp-json\/wp\/v2\/comments?post=154"}],"version-history":[{"count":4,"href":"https:\/\/oliviardesign.com\/index.php\/wp-json\/wp\/v2\/pages\/154\/revisions"}],"predecessor-version":[{"id":190,"href":"https:\/\/oliviardesign.com\/index.php\/wp-json\/wp\/v2\/pages\/154\/revisions\/190"}],"up":[{"embeddable":true,"href":"https:\/\/oliviardesign.com\/index.php\/wp-json\/wp\/v2\/pages\/88"}],"wp:attachment":[{"href":"https:\/\/oliviardesign.com\/index.php\/wp-json\/wp\/v2\/media?parent=154"}],"curies":[{"name":"wp","href":"https:\/\/api.w.org\/{rel}","templated":true}]}}