{"id":152,"date":"2017-06-20T22:59:08","date_gmt":"2017-06-20T20:59:08","guid":{"rendered":"http:\/\/oliviardesign.com\/?page_id=152"},"modified":"2023-11-14T09:43:19","modified_gmt":"2023-11-14T08:43:19","slug":"conseil-en-decoration","status":"publish","type":"page","link":"https:\/\/oliviardesign.com\/index.php\/prestations\/conseil-en-decoration\/","title":{"rendered":"CONSEIL EN DECORATION"},"content":{"rendered":"<p><span style=\"color: #000000;\">Envie de changer de d\u00e9cor sans pour autant vous lancer dans les travaux ? Je peux vous aider \u00e0 peaufiner la d\u00e9coration que vous avez cr\u00e9\u00e9e ou vous en sugg\u00e9rer une nouvelle. La disposition des meubles, la couleur des murs, les objets de d\u00e9coration, l\u2019\u00e9clairage ou encore le linge de maison, sont autant d\u2019\u00e9l\u00e9ments faciles \u00e0 modifier et qui vous permettront de donner une nouvelle identit\u00e9 \u00e0 votre habitation. <\/span><br \/>\n<span style=\"color: #000000;\"> Le premier rendez-vous t\u00e9l\u00e9phonique me permettra de cerner vos attentes, vos besoins, vos go\u00fbts, votre budget\u2026 Lors du second rendez-vous je vous donnerai les conseils et suggestions attendus. Cette prestation ne comprend pas de support graphique ni de support \u00e9crit. <\/span><\/p>\n","protected":false},"excerpt":{"rendered":"<p>Envie de changer de d\u00e9cor sans pour autant vous lancer dans les travaux ? Je peux vous aider \u00e0 peaufiner la d\u00e9coration que vous avez cr\u00e9\u00e9e ou vous en sugg\u00e9rer une nouvelle. La disposition des meubles, la couleur des murs, les objets de d\u00e9coration, l\u2019\u00e9clairage ou encore le linge de maison, sont autant d\u2019\u00e9l\u00e9ments faciles &hellip; <\/p>\n<p class=\"link-more\"><a href=\"https:\/\/oliviardesign.com\/index.php\/prestations\/conseil-en-decoration\/\" class=\"more-link\">Continuer la lecture<span class=\"screen-reader-text\"> de &laquo;&nbsp;CONSEIL EN DECORATION&nbsp;&raquo;<\/span><\/a><\/p>\n","protected":false},"author":1,"featured_media":0,"parent":88,"menu_order":0,"comment_status":"closed","ping_status":"closed","template":"","meta":[],"_links":{"self":[{"href":"https:\/\/oliviardesign.com\/index.php\/wp-json\/wp\/v2\/pages\/152"}],"collection":[{"href":"https:\/\/oliviardesign.com\/index.php\/wp-json\/wp\/v2\/pages"}],"about":[{"href":"https:\/\/oliviardesign.com\/index.php\/wp-json\/wp\/v2\/types\/page"}],"author":[{"embeddable":true,"href":"https:\/\/oliviardesign.com\/index.php\/wp-json\/wp\/v2\/users\/1"}],"replies":[{"embeddable":true,"href":"https:\/\/oliviardesign.com\/index.php\/wp-json\/wp\/v2\/comments?post=152"}],"version-history":[{"count":6,"href":"https:\/\/oliviardesign.com\/index.php\/wp-json\/wp\/v2\/pages\/152\/revisions"}],"predecessor-version":[{"id":262,"href":"https:\/\/oliviardesign.com\/index.php\/wp-json\/wp\/v2\/pages\/152\/revisions\/262"}],"up":[{"embeddable":true,"href":"https:\/\/oliviardesign.com\/index.php\/wp-json\/wp\/v2\/pages\/88"}],"wp:attachment":[{"href":"https:\/\/oliviardesign.com\/index.php\/wp-json\/wp\/v2\/media?parent=152"}],"curies":[{"name":"wp","href":"https:\/\/api.w.org\/{rel}","templated":true}]}}