{"id":144,"date":"2017-06-20T22:56:20","date_gmt":"2017-06-20T20:56:20","guid":{"rendered":"http:\/\/oliviardesign.com\/?page_id=144"},"modified":"2017-06-20T23:34:45","modified_gmt":"2017-06-20T21:34:45","slug":"accompagnement-visite-achat-immo","status":"publish","type":"page","link":"https:\/\/oliviardesign.com\/index.php\/prestations\/accompagnement-visite-achat-immo\/","title":{"rendered":"ACCOMPAGNEMENT VISITE ACHAT IMMO"},"content":{"rendered":"<p><span style=\"color: #000000;\">Qu\u2019il s\u2019agisse d\u2019un premier achat, de la recherche d\u2019un logement plus grand, d\u2019un changement de secteur g\u00e9ographique, ou d\u2019un investissement locatif, le probl\u00e8me est toujours le m\u00eame : la peur de se tromper.<\/span><br \/>\n<span style=\"color: #000000;\"> On cumule les visites, on compare, on s\u2019interroge, et le coup de c\u0153ur n\u2019est pas toujours au rendez-vous. On perd du temps, on passe \u00e0 c\u00f4t\u00e9 de certaines opportunit\u00e9s par peur de se lancer, et ce qui devrait \u00eatre un plaisir devient une source de stress et d\u2019angoisse.<\/span><br \/>\n<span style=\"color: #000000;\"> C&rsquo;est pourquoi je vous propose de vous accompagner lors des visites pour vous aider \u00e0 faire le meilleur choix et \u00e0 visualiser concr\u00e8tement votre projet. <\/span><br \/>\n<span style=\"color: #000000;\"> Le premier rendez-vous me permettra de cerner vos attentes, vos besoins, vos go\u00fbts, votre budget\u2026 Dans un second temps je vous accompagnerai lors des visites immobili\u00e8res afin de vous aider \u00e0 identifier les points forts et les points faibles de chaque bien en fonction de vos sp\u00e9cificit\u00e9s, d\u2019envisager les \u00e9ventuelles transformations possibles, ainsi que le budget global.\u00a0<\/span><\/p>\n","protected":false},"excerpt":{"rendered":"<p>Qu\u2019il s\u2019agisse d\u2019un premier achat, de la recherche d\u2019un logement plus grand, d\u2019un changement de secteur g\u00e9ographique, ou d\u2019un investissement locatif, le probl\u00e8me est toujours le m\u00eame : la peur de se tromper. On cumule les visites, on compare, on s\u2019interroge, et le coup de c\u0153ur n\u2019est pas toujours au rendez-vous. On perd du temps, &hellip; <\/p>\n<p class=\"link-more\"><a href=\"https:\/\/oliviardesign.com\/index.php\/prestations\/accompagnement-visite-achat-immo\/\" class=\"more-link\">Continuer la lecture<span class=\"screen-reader-text\"> de &laquo;&nbsp;ACCOMPAGNEMENT VISITE ACHAT IMMO&nbsp;&raquo;<\/span><\/a><\/p>\n","protected":false},"author":1,"featured_media":0,"parent":88,"menu_order":0,"comment_status":"closed","ping_status":"closed","template":"","meta":[],"_links":{"self":[{"href":"https:\/\/oliviardesign.com\/index.php\/wp-json\/wp\/v2\/pages\/144"}],"collection":[{"href":"https:\/\/oliviardesign.com\/index.php\/wp-json\/wp\/v2\/pages"}],"about":[{"href":"https:\/\/oliviardesign.com\/index.php\/wp-json\/wp\/v2\/types\/page"}],"author":[{"embeddable":true,"href":"https:\/\/oliviardesign.com\/index.php\/wp-json\/wp\/v2\/users\/1"}],"replies":[{"embeddable":true,"href":"https:\/\/oliviardesign.com\/index.php\/wp-json\/wp\/v2\/comments?post=144"}],"version-history":[{"count":4,"href":"https:\/\/oliviardesign.com\/index.php\/wp-json\/wp\/v2\/pages\/144\/revisions"}],"predecessor-version":[{"id":187,"href":"https:\/\/oliviardesign.com\/index.php\/wp-json\/wp\/v2\/pages\/144\/revisions\/187"}],"up":[{"embeddable":true,"href":"https:\/\/oliviardesign.com\/index.php\/wp-json\/wp\/v2\/pages\/88"}],"wp:attachment":[{"href":"https:\/\/oliviardesign.com\/index.php\/wp-json\/wp\/v2\/media?parent=144"}],"curies":[{"name":"wp","href":"https:\/\/api.w.org\/{rel}","templated":true}]}}